{"id":156,"date":"2016-01-25T11:02:27","date_gmt":"2016-01-25T10:02:27","guid":{"rendered":"http:\/\/coursreligion.lapairelle.be\/?page_id=156"},"modified":"2016-01-25T11:02:27","modified_gmt":"2016-01-25T10:02:27","slug":"lecologie-dans-ma-vie-boite-a-outils-cvx","status":"publish","type":"page","link":"http:\/\/profsreligionjesuites.be\/?page_id=156","title":{"rendered":"L\u2019\u00e9cologie dans ma vie (bo\u00eete \u00e0 outils CVX)"},"content":{"rendered":"<p><b>Titre<\/b>\u00a0: <b><i>L\u2019\u00e9cologie dans ma vie<br \/>\n<\/i>Sous-titre<\/b>\u00a0: Bo\u00eete \u00e0 outils pour les \u00e9quipes CVX<br \/>\n<b>Editions<\/b>\u00a0: Communaut\u00e9 de vie chr\u00e9tienne, Centre avec, la Pairelle (Centre spirituel ignacien).<br \/>\n<b>R\u00e9sum\u00e9<\/b>\u00a0: Cet outil propose diverses ressources pour r\u00e9fl\u00e9chir aux enjeux \u00e9cologiques dans le cadre de rencontres de partage des \u00e9quipes CVX. Tr\u00e8s en phase avec la dynamique de recherche de sens du cours de religion, il peut certainement nourrir des parcours p\u00e9dagogiques sur cette th\u00e9matique. On y trouve diff\u00e9rents \u00e9clairages issus des sciences humaines, des ressources bibliques et diff\u00e9rents documents.<br \/>\n<b>Lien<\/b>\u00a0: <a href=\"http:\/\/cvx-belgique.org\/boite-a-outils\/boite-a-outils-thematique-ecologie\/pour-aller-plus-loin\/?lang=fr\" target=\"_blank\">http:\/\/cvx-belgique.org\/boite-a-outils\/boite-a-outils-thematique-ecologie\/pour-aller-plus-loin\/?lang=fr<\/a><\/p>\n","protected":false},"excerpt":{"rendered":"<p>Titre\u00a0: L\u2019\u00e9cologie dans ma vie Sous-titre\u00a0: Bo\u00eete \u00e0 outils pour les \u00e9quipes CVX Editions\u00a0: Communaut\u00e9 de vie chr\u00e9tienne, Centre avec, la Pairelle (Centre spirituel ignacien). R\u00e9sum\u00e9\u00a0: Cet outil propose diverses ressources pour r\u00e9fl\u00e9chir aux enjeux \u00e9cologiques dans le cadre de &hellip; <a href=\"http:\/\/profsreligionjesuites.be\/?page_id=156\">Continuer la lecture <span class=\"meta-nav\">&rarr;<\/span><\/a><\/p>\n","protected":false},"author":3,"featured_media":0,"parent":0,"menu_order":0,"comment_status":"closed","ping_status":"closed","template":"","meta":{"ngg_post_thumbnail":0,"footnotes":""},"class_list":["post-156","page","type-page","status-publish","hentry"],"_links":{"self":[{"href":"http:\/\/profsreligionjesuites.be\/index.php?rest_route=\/wp\/v2\/pages\/156","targetHints":{"allow":["GET"]}}],"collection":[{"href":"http:\/\/profsreligionjesuites.be\/index.php?rest_route=\/wp\/v2\/pages"}],"about":[{"href":"http:\/\/profsreligionjesuites.be\/index.php?rest_route=\/wp\/v2\/types\/page"}],"author":[{"embeddable":true,"href":"http:\/\/profsreligionjesuites.be\/index.php?rest_route=\/wp\/v2\/users\/3"}],"replies":[{"embeddable":true,"href":"http:\/\/profsreligionjesuites.be\/index.php?rest_route=%2Fwp%2Fv2%2Fcomments&post=156"}],"version-history":[{"count":1,"href":"http:\/\/profsreligionjesuites.be\/index.php?rest_route=\/wp\/v2\/pages\/156\/revisions"}],"predecessor-version":[{"id":157,"href":"http:\/\/profsreligionjesuites.be\/index.php?rest_route=\/wp\/v2\/pages\/156\/revisions\/157"}],"wp:attachment":[{"href":"http:\/\/profsreligionjesuites.be\/index.php?rest_route=%2Fwp%2Fv2%2Fmedia&parent=156"}],"curies":[{"name":"wp","href":"https:\/\/api.w.org\/{rel}","templated":true}]}}