{"id":361,"date":"2017-01-28T22:35:51","date_gmt":"2017-01-28T21:35:51","guid":{"rendered":"http:\/\/coursreligion.lapairelle.be\/?page_id=361"},"modified":"2017-01-28T22:35:51","modified_gmt":"2017-01-28T21:35:51","slug":"leglise-catholique-et-le-dialogue-interconvictionnel-quelques-extraits","status":"publish","type":"page","link":"http:\/\/profsreligionjesuites.be\/?page_id=361","title":{"rendered":"L\u2019\u00c9glise catholique et le dialogue interconvictionnel : quelques extraits"},"content":{"rendered":"<p><strong><span style=\"font-size: medium;\">Concile Vatican II, extrait de la d\u00e9claration <i>Nostra aetate<\/i> (1965) :<br \/>\n<\/span><\/strong><\/p>\n<blockquote>\n<p align=\"justify\"><span style=\"font-size: medium;\">L\u2019\u00c9glise catholique ne rejette rien de ce qui est vrai et saint dans ces religions. Elle consid\u00e8re avec un respect sinc\u00e8re ces mani\u00e8res d\u2019agir et de vivre, ces r\u00e8gles et ces doctrines qui, quoiqu\u2019elles diff\u00e8rent sous bien des rapports de ce qu\u2019elle-m\u00eame tient et propose, cependant refl\u00e8tent souvent un rayon de la v\u00e9rit\u00e9 qui illumine tous les hommes. Toutefois, elle annonce, et elle est tenue d\u2019annoncer sans cesse, le Christ qui est \u00ab la voie, la v\u00e9rit\u00e9 et la vie \u00bb (<i>Jn<\/i> 14, 6), dans lequel les hommes doivent trouver la pl\u00e9nitude de la vie religieuse et dans lequel Dieu s\u2019est r\u00e9concili\u00e9 toutes choses. Elle exhorte donc ses fils pour que, avec prudence et charit\u00e9, par le dialogue et par la collaboration avec les adeptes d\u2019autres religions, et tout en t\u00e9moignant de la foi et de la vie chr\u00e9tiennes, ils reconnaissent, pr\u00e9servent et fassent progresser les valeurs spirituelles, morales et socio-culturelles qui se trouvent en eux. (\u00a72)<\/span><\/p>\n<\/blockquote>\n<p align=\"justify\"><strong><span style=\"font-size: medium;\">Conseil pontifical pour le dialogue interreligieux, <i>Dialogue et annonce\u00a0: r\u00e9flexions et orientations concernant le dialogue interreligieux et l&#8217;annonce de l&#8217;Evangile<\/i> (1991) :<br \/>\n<\/span><\/strong><\/p>\n<blockquote>\n<p align=\"justify\"><span style=\"font-size: medium;\">La pl\u00e9nitude de la v\u00e9rit\u00e9 re\u00e7ue en J\u00e9sus Christ ne donne pas au chr\u00e9tien la garantie qu\u2019il a aussi pleinement assimil\u00e9 cette v\u00e9rit\u00e9. En derni\u00e8re analyse, la v\u00e9rit\u00e9 n\u2019est pas une chose que nous poss\u00e9dons, mais une personne par qui nous devons nous laisser poss\u00e9der. C\u2019est l\u00e0 une entreprise sans fin. Tout en gardant intacte leur identit\u00e9, les chr\u00e9tiens doivent \u00eatre pr\u00eats \u00e0 apprendre et \u00e0 recevoir des autres et \u00e0 travers eux les valeurs positives de leurs traditions. Par le dialogue, ils peuvent \u00eatre conduits \u00e0 vaincre des pr\u00e9jug\u00e9s inv\u00e9t\u00e9r\u00e9s, \u00e0 r\u00e9viser des id\u00e9es pr\u00e9con\u00e7ues et m\u00eame parfois \u00e0 accepter que la compr\u00e9hension de leur foi soit purifi\u00e9e. (\u00a749)<\/span><\/p>\n<\/blockquote>\n<p align=\"justify\"><strong><span style=\"font-size: medium;\">Congr\u00e9gation pour l&#8217;\u00e9ducation catholique, <i>\u00c9duquer au dialogue interculturel \u00e0 l&#8217;\u00e9cole catholique<\/i> (2013) :<br \/>\n<\/span><\/strong><\/p>\n<blockquote>\n<p align=\"justify\"><span style=\"font-size: medium;\">L&#8217;\u00e9cole doit devenir un espace de pluralisme o\u00f9 l&#8217;on apprend \u00e0 dialoguer sur les <i>significations<\/i> que les personnes des diff\u00e9rentes religions attribuent \u00e0 leurs signes respectifs, afin de pouvoir partager des valeurs universelles telles que la solidarit\u00e9, la tol\u00e9rance, la libert\u00e9. <\/span><\/p>\n<\/blockquote>\n<p align=\"justify\"><strong><span style=\"font-size: medium;\"><i>Programme du cours de religion catholique<\/i> (2003) :<br \/>\n<\/span><\/strong><\/p>\n<blockquote>\n<p align=\"justify\"><span style=\"font-size: medium;\">Lieu de questionnement, de recherches et de d\u00e9couvertes, v\u00e9cu dans le maximum de convivialit\u00e9, le cours [de religion est] un laboratoire de citoyennet\u00e9 o\u00f9 se rencontrent des personnes, o\u00f9 se brassent des id\u00e9es, o\u00f9 se croisent des regards pluriels qui honorent la richesse des diff\u00e9rences et \u00e9vitent les cloisons qui s\u00e9parent. La pratique du dialogue \u0153cum\u00e9nique, interreligieux et interconvictionnel permet aux \u00e9l\u00e8ves de rencontrer l&#8217;autre en v\u00e9rit\u00e9 en d\u00e9passant jugements et pr\u00e9jug\u00e9s, sans renier ses convictions. <\/span><\/p>\n<\/blockquote>\n","protected":false},"excerpt":{"rendered":"<p>Concile Vatican II, extrait de la d\u00e9claration Nostra aetate (1965) : L\u2019\u00c9glise catholique ne rejette rien de ce qui est vrai et saint dans ces religions. Elle consid\u00e8re avec un respect sinc\u00e8re ces mani\u00e8res d\u2019agir et de vivre, ces r\u00e8gles &hellip; <a href=\"http:\/\/profsreligionjesuites.be\/?page_id=361\">Continuer la lecture <span class=\"meta-nav\">&rarr;<\/span><\/a><\/p>\n","protected":false},"author":3,"featured_media":0,"parent":0,"menu_order":0,"comment_status":"closed","ping_status":"closed","template":"","meta":{"ngg_post_thumbnail":0,"footnotes":""},"class_list":["post-361","page","type-page","status-publish","hentry"],"_links":{"self":[{"href":"http:\/\/profsreligionjesuites.be\/index.php?rest_route=\/wp\/v2\/pages\/361","targetHints":{"allow":["GET"]}}],"collection":[{"href":"http:\/\/profsreligionjesuites.be\/index.php?rest_route=\/wp\/v2\/pages"}],"about":[{"href":"http:\/\/profsreligionjesuites.be\/index.php?rest_route=\/wp\/v2\/types\/page"}],"author":[{"embeddable":true,"href":"http:\/\/profsreligionjesuites.be\/index.php?rest_route=\/wp\/v2\/users\/3"}],"replies":[{"embeddable":true,"href":"http:\/\/profsreligionjesuites.be\/index.php?rest_route=%2Fwp%2Fv2%2Fcomments&post=361"}],"version-history":[{"count":4,"href":"http:\/\/profsreligionjesuites.be\/index.php?rest_route=\/wp\/v2\/pages\/361\/revisions"}],"predecessor-version":[{"id":365,"href":"http:\/\/profsreligionjesuites.be\/index.php?rest_route=\/wp\/v2\/pages\/361\/revisions\/365"}],"wp:attachment":[{"href":"http:\/\/profsreligionjesuites.be\/index.php?rest_route=%2Fwp%2Fv2%2Fmedia&parent=361"}],"curies":[{"name":"wp","href":"https:\/\/api.w.org\/{rel}","templated":true}]}}