{"id":128,"date":"2016-01-17T17:35:22","date_gmt":"2016-01-17T16:35:22","guid":{"rendered":"http:\/\/coursreligion.lapairelle.be\/?page_id=128"},"modified":"2016-02-05T21:04:30","modified_gmt":"2016-02-05T20:04:30","slug":"presentation","status":"publish","type":"page","link":"https:\/\/profsreligionjesuites.be\/?page_id=128","title":{"rendered":"Pr\u00e9sentation"},"content":{"rendered":"<p>Bienvenue \u00e0 chacun-e.<\/p>\n<p>Ce blog s\u2019adresse aux Professeurs de Religion des \u00c9coles Secondaires j\u00e9suites en F\u00e9d\u00e9ration Wallonie-Bruxelles.<\/p>\n<p>Il vous informe r\u00e9guli\u00e8rement sur les sessions et les formations propos\u00e9es, sur l\u2019une ou l\u2019autre conf\u00e9rence particuli\u00e8rement int\u00e9ressante en lien avec le cours.<\/p>\n<p>Il met aussi \u00e0 votre disposition des documents de base et quelques outils pratiques pour aider \u00e0 construire son cours ou sur un th\u00e8me ou l\u2019autre.<\/p>\n<p>Nous verrons, \u00e0 l\u2019usage, s\u2019il convient d\u2019en faire aussi un lieu d\u2019\u00e9change, par exemple de nos s\u00e9quences de cours qui donnent le mieux.<\/p>\n<p>Vos deux Conseillers P\u00e9dagogiques\u00a0:<\/p>\n<p style=\"padding-left: 120px;\">Fran\u00e7ois PHILIPS s.j.<br \/>\nInspecteur<br \/>\nAncien Professeur au Coll\u00e8ge Saint-Stanislas \u00e0 Mons<br \/>\net au Coll\u00e8ge du Sacr\u00e9-C\u0153ur \u00e0 Charleroi<\/p>\n<p style=\"padding-left: 120px;\">Vincent SOHET<br \/>\nProfesseur au Coll\u00e8ge Notre-Dame de la Paix, \u00e0 Erpent<\/p>\n","protected":false},"excerpt":{"rendered":"<p>Bienvenue \u00e0 chacun-e. Ce blog s\u2019adresse aux Professeurs de Religion des \u00c9coles Secondaires j\u00e9suites en F\u00e9d\u00e9ration Wallonie-Bruxelles. Il vous informe r\u00e9guli\u00e8rement sur les sessions et les formations propos\u00e9es, sur l\u2019une ou l\u2019autre conf\u00e9rence particuli\u00e8rement int\u00e9ressante en lien avec le cours. &hellip; <a href=\"https:\/\/profsreligionjesuites.be\/?page_id=128\">Continuer la lecture <span class=\"meta-nav\">&rarr;<\/span><\/a><\/p>\n","protected":false},"author":3,"featured_media":0,"parent":0,"menu_order":0,"comment_status":"closed","ping_status":"closed","template":"","meta":{"ngg_post_thumbnail":0,"footnotes":""},"class_list":["post-128","page","type-page","status-publish","hentry"],"_links":{"self":[{"href":"https:\/\/profsreligionjesuites.be\/index.php?rest_route=\/wp\/v2\/pages\/128","targetHints":{"allow":["GET"]}}],"collection":[{"href":"https:\/\/profsreligionjesuites.be\/index.php?rest_route=\/wp\/v2\/pages"}],"about":[{"href":"https:\/\/profsreligionjesuites.be\/index.php?rest_route=\/wp\/v2\/types\/page"}],"author":[{"embeddable":true,"href":"https:\/\/profsreligionjesuites.be\/index.php?rest_route=\/wp\/v2\/users\/3"}],"replies":[{"embeddable":true,"href":"https:\/\/profsreligionjesuites.be\/index.php?rest_route=%2Fwp%2Fv2%2Fcomments&post=128"}],"version-history":[{"count":3,"href":"https:\/\/profsreligionjesuites.be\/index.php?rest_route=\/wp\/v2\/pages\/128\/revisions"}],"predecessor-version":[{"id":204,"href":"https:\/\/profsreligionjesuites.be\/index.php?rest_route=\/wp\/v2\/pages\/128\/revisions\/204"}],"wp:attachment":[{"href":"https:\/\/profsreligionjesuites.be\/index.php?rest_route=%2Fwp%2Fv2%2Fmedia&parent=128"}],"curies":[{"name":"wp","href":"https:\/\/api.w.org\/{rel}","templated":true}]}}