{"id":690,"date":"2019-01-20T14:02:05","date_gmt":"2019-01-20T13:02:05","guid":{"rendered":"http:\/\/profsreligionjesuites.be\/?page_id=690"},"modified":"2019-01-20T14:02:05","modified_gmt":"2019-01-20T13:02:05","slug":"partage-2","status":"publish","type":"page","link":"https:\/\/profsreligionjesuites.be\/?page_id=690","title":{"rendered":"Partage"},"content":{"rendered":"<p>Documents de travail, \u00e0 disposition des professeurs de religion des \u00e9coles j\u00e9suites (code d&#8217;acc\u00e8s).<\/p>\n","protected":false},"excerpt":{"rendered":"<p>Documents de travail, \u00e0 disposition des professeurs de religion des \u00e9coles j\u00e9suites (code d&#8217;acc\u00e8s).<\/p>\n","protected":false},"author":3,"featured_media":0,"parent":0,"menu_order":0,"comment_status":"closed","ping_status":"closed","template":"","meta":{"ngg_post_thumbnail":0,"footnotes":""},"class_list":["post-690","page","type-page","status-publish","hentry"],"_links":{"self":[{"href":"https:\/\/profsreligionjesuites.be\/index.php?rest_route=\/wp\/v2\/pages\/690","targetHints":{"allow":["GET"]}}],"collection":[{"href":"https:\/\/profsreligionjesuites.be\/index.php?rest_route=\/wp\/v2\/pages"}],"about":[{"href":"https:\/\/profsreligionjesuites.be\/index.php?rest_route=\/wp\/v2\/types\/page"}],"author":[{"embeddable":true,"href":"https:\/\/profsreligionjesuites.be\/index.php?rest_route=\/wp\/v2\/users\/3"}],"replies":[{"embeddable":true,"href":"https:\/\/profsreligionjesuites.be\/index.php?rest_route=%2Fwp%2Fv2%2Fcomments&post=690"}],"version-history":[{"count":2,"href":"https:\/\/profsreligionjesuites.be\/index.php?rest_route=\/wp\/v2\/pages\/690\/revisions"}],"predecessor-version":[{"id":692,"href":"https:\/\/profsreligionjesuites.be\/index.php?rest_route=\/wp\/v2\/pages\/690\/revisions\/692"}],"wp:attachment":[{"href":"https:\/\/profsreligionjesuites.be\/index.php?rest_route=%2Fwp%2Fv2%2Fmedia&parent=690"}],"curies":[{"name":"wp","href":"https:\/\/api.w.org\/{rel}","templated":true}]}}